{"id":6822,"date":"2021-07-12T01:10:26","date_gmt":"2021-07-12T04:10:26","guid":{"rendered":"https:\/\/www.chileflorido.cl\/oficios\/?post_type=product&#038;p=6822"},"modified":"2024-04-23T01:42:34","modified_gmt":"2024-04-23T04:42:34","slug":"magic-mix","status":"publish","type":"product","link":"https:\/\/www.chileflorido.cl\/oficios\/producto\/magic-mix\/","title":{"rendered":"Magic Mix"},"content":{"rendered":"<p>\u00a1No tire m\u00e1s arcilla polim\u00e9rica! \u00daselo para suavizar la arcilla que se endureci\u00f3. Cernit Magic Mix: \u00a1lo esencial para todos tus proyectos en Cernit!<\/p>\n","protected":false},"excerpt":{"rendered":"<p>\u00a1No tire m\u00e1s arcilla polim\u00e9rica! \u00daselo para suavizar la arcilla que se endureci\u00f3. Cernit Magic Mix: \u00a1lo esencial para todos<a href=\"https:\/\/www.chileflorido.cl\/oficios\/producto\/magic-mix\/\" class=\"more-link\">Read More<\/a><\/p>\n","protected":false},"featured_media":6823,"comment_status":"open","ping_status":"closed","template":"","meta":{"_monsterinsights_skip_tracking":false,"_monsterinsights_sitenote_active":false,"_monsterinsights_sitenote_note":"","_monsterinsights_sitenote_category":0},"product_cat":[156,160],"product_tag":[149],"class_list":["post-6822","product","type-product","status-publish","has-post-thumbnail","hentry","product_cat-insumos","product_cat-insumos-cernit","product_tag-cernit","product-column"],"yoast_head":"<!-- This site is optimized with the Yoast SEO plugin v16.9 - https:\/\/yoast.com\/wordpress\/plugins\/seo\/ -->\n<title>Magic Mix - Chile Florido Oficios<\/title>\n<meta name=\"robots\" content=\"index, follow, max-snippet:-1, max-image-preview:large, max-video-preview:-1\" \/>\n<link rel=\"canonical\" href=\"https:\/\/www.chileflorido.cl\/oficios\/producto\/magic-mix\/\" \/>\n<meta property=\"og:locale\" content=\"es_ES\" \/>\n<meta property=\"og:type\" content=\"article\" \/>\n<meta property=\"og:title\" content=\"Magic Mix - Chile Florido Oficios\" \/>\n<meta property=\"og:description\" content=\"\u00a1No tire m\u00e1s arcilla polim\u00e9rica! \u00daselo para suavizar la arcilla que se endureci\u00f3. Cernit Magic Mix: \u00a1lo esencial para todosRead More\" \/>\n<meta property=\"og:url\" content=\"https:\/\/www.chileflorido.cl\/oficios\/producto\/magic-mix\/\" \/>\n<meta property=\"og:site_name\" content=\"Chile Florido Oficios\" \/>\n<meta property=\"article:publisher\" content=\"https:\/\/www.facebook.com\/Chile-Florido-269046799923176\" \/>\n<meta property=\"article:modified_time\" content=\"2024-04-23T04:42:34+00:00\" \/>\n<meta property=\"og:image\" content=\"https:\/\/www.chileflorido.cl\/oficios\/wp-content\/uploads\/sites\/7\/2021\/07\/magic_mix.png\" \/>\n\t<meta property=\"og:image:width\" content=\"756\" \/>\n\t<meta property=\"og:image:height\" content=\"945\" \/>\n<meta name=\"twitter:card\" content=\"summary_large_image\" \/>\n<script type=\"application\/ld+json\" class=\"yoast-schema-graph\">{\"@context\":\"https:\/\/schema.org\",\"@graph\":[{\"@type\":\"Organization\",\"@id\":\"https:\/\/www.chileflorido.cl\/oficios\/#organization\",\"name\":\"Chile Florido\",\"url\":\"https:\/\/www.chileflorido.cl\/oficios\/\",\"sameAs\":[\"https:\/\/www.facebook.com\/Chile-Florido-269046799923176\",\"https:\/\/www.instagram.com\/chile_florido\/\"],\"logo\":{\"@type\":\"ImageObject\",\"@id\":\"https:\/\/www.chileflorido.cl\/oficios\/#logo\",\"inLanguage\":\"es\",\"url\":\"https:\/\/www.chileflorido.cl\/oficios\/wp-content\/uploads\/sites\/7\/2021\/08\/chileflorido1.png\",\"contentUrl\":\"https:\/\/www.chileflorido.cl\/oficios\/wp-content\/uploads\/sites\/7\/2021\/08\/chileflorido1.png\",\"width\":600,\"height\":600,\"caption\":\"Chile Florido\"},\"image\":{\"@id\":\"https:\/\/www.chileflorido.cl\/oficios\/#logo\"}},{\"@type\":\"WebSite\",\"@id\":\"https:\/\/www.chileflorido.cl\/oficios\/#website\",\"url\":\"https:\/\/www.chileflorido.cl\/oficios\/\",\"name\":\"Chile Florido Oficios\",\"description\":\"Colores de Chile\",\"publisher\":{\"@id\":\"https:\/\/www.chileflorido.cl\/oficios\/#organization\"},\"potentialAction\":[{\"@type\":\"SearchAction\",\"target\":{\"@type\":\"EntryPoint\",\"urlTemplate\":\"https:\/\/www.chileflorido.cl\/oficios\/?s={search_term_string}\"},\"query-input\":\"required name=search_term_string\"}],\"inLanguage\":\"es\"},{\"@type\":\"ImageObject\",\"@id\":\"https:\/\/www.chileflorido.cl\/oficios\/producto\/magic-mix\/#primaryimage\",\"inLanguage\":\"es\",\"url\":\"https:\/\/www.chileflorido.cl\/oficios\/wp-content\/uploads\/sites\/7\/2021\/07\/magic_mix.png\",\"contentUrl\":\"https:\/\/www.chileflorido.cl\/oficios\/wp-content\/uploads\/sites\/7\/2021\/07\/magic_mix.png\",\"width\":756,\"height\":945,\"caption\":\"Magic Mix\"},{\"@type\":\"WebPage\",\"@id\":\"https:\/\/www.chileflorido.cl\/oficios\/producto\/magic-mix\/#webpage\",\"url\":\"https:\/\/www.chileflorido.cl\/oficios\/producto\/magic-mix\/\",\"name\":\"Magic Mix - Chile Florido Oficios\",\"isPartOf\":{\"@id\":\"https:\/\/www.chileflorido.cl\/oficios\/#website\"},\"primaryImageOfPage\":{\"@id\":\"https:\/\/www.chileflorido.cl\/oficios\/producto\/magic-mix\/#primaryimage\"},\"datePublished\":\"2021-07-12T04:10:26+00:00\",\"dateModified\":\"2024-04-23T04:42:34+00:00\",\"breadcrumb\":{\"@id\":\"https:\/\/www.chileflorido.cl\/oficios\/producto\/magic-mix\/#breadcrumb\"},\"inLanguage\":\"es\",\"potentialAction\":[{\"@type\":\"ReadAction\",\"target\":[\"https:\/\/www.chileflorido.cl\/oficios\/producto\/magic-mix\/\"]}]},{\"@type\":\"BreadcrumbList\",\"@id\":\"https:\/\/www.chileflorido.cl\/oficios\/producto\/magic-mix\/#breadcrumb\",\"itemListElement\":[{\"@type\":\"ListItem\",\"position\":1,\"name\":\"Portada\",\"item\":\"https:\/\/www.chileflorido.cl\/oficios\/\"},{\"@type\":\"ListItem\",\"position\":2,\"name\":\"Cat\\u00e1logo\",\"item\":\"https:\/\/www.chileflorido.cl\/oficios\/catalogo\/\"},{\"@type\":\"ListItem\",\"position\":3,\"name\":\"Magic Mix\"}]}]}<\/script>\n<!-- \/ Yoast SEO plugin. -->","yoast_head_json":{"title":"Magic Mix - Chile Florido Oficios","robots":{"index":"index","follow":"follow","max-snippet":"max-snippet:-1","max-image-preview":"max-image-preview:large","max-video-preview":"max-video-preview:-1"},"canonical":"https:\/\/www.chileflorido.cl\/oficios\/producto\/magic-mix\/","og_locale":"es_ES","og_type":"article","og_title":"Magic Mix - Chile Florido Oficios","og_description":"\u00a1No tire m\u00e1s arcilla polim\u00e9rica! \u00daselo para suavizar la arcilla que se endureci\u00f3. Cernit Magic Mix: \u00a1lo esencial para todosRead More","og_url":"https:\/\/www.chileflorido.cl\/oficios\/producto\/magic-mix\/","og_site_name":"Chile Florido Oficios","article_publisher":"https:\/\/www.facebook.com\/Chile-Florido-269046799923176","article_modified_time":"2024-04-23T04:42:34+00:00","og_image":[{"width":756,"height":945,"url":"https:\/\/www.chileflorido.cl\/oficios\/wp-content\/uploads\/sites\/7\/2021\/07\/magic_mix.png","path":"\/var\/www\/chileflorido.20200722\/wp-content\/uploads\/sites\/7\/2021\/07\/magic_mix.png","size":"full","id":6823,"alt":"Magic Mix","pixels":714420,"type":"image\/png"}],"twitter_card":"summary_large_image","schema":{"@context":"https:\/\/schema.org","@graph":[{"@type":"Organization","@id":"https:\/\/www.chileflorido.cl\/oficios\/#organization","name":"Chile Florido","url":"https:\/\/www.chileflorido.cl\/oficios\/","sameAs":["https:\/\/www.facebook.com\/Chile-Florido-269046799923176","https:\/\/www.instagram.com\/chile_florido\/"],"logo":{"@type":"ImageObject","@id":"https:\/\/www.chileflorido.cl\/oficios\/#logo","inLanguage":"es","url":"https:\/\/www.chileflorido.cl\/oficios\/wp-content\/uploads\/sites\/7\/2021\/08\/chileflorido1.png","contentUrl":"https:\/\/www.chileflorido.cl\/oficios\/wp-content\/uploads\/sites\/7\/2021\/08\/chileflorido1.png","width":600,"height":600,"caption":"Chile Florido"},"image":{"@id":"https:\/\/www.chileflorido.cl\/oficios\/#logo"}},{"@type":"WebSite","@id":"https:\/\/www.chileflorido.cl\/oficios\/#website","url":"https:\/\/www.chileflorido.cl\/oficios\/","name":"Chile Florido Oficios","description":"Colores de Chile","publisher":{"@id":"https:\/\/www.chileflorido.cl\/oficios\/#organization"},"potentialAction":[{"@type":"SearchAction","target":{"@type":"EntryPoint","urlTemplate":"https:\/\/www.chileflorido.cl\/oficios\/?s={search_term_string}"},"query-input":"required name=search_term_string"}],"inLanguage":"es"},{"@type":"ImageObject","@id":"https:\/\/www.chileflorido.cl\/oficios\/producto\/magic-mix\/#primaryimage","inLanguage":"es","url":"https:\/\/www.chileflorido.cl\/oficios\/wp-content\/uploads\/sites\/7\/2021\/07\/magic_mix.png","contentUrl":"https:\/\/www.chileflorido.cl\/oficios\/wp-content\/uploads\/sites\/7\/2021\/07\/magic_mix.png","width":756,"height":945,"caption":"Magic Mix"},{"@type":"WebPage","@id":"https:\/\/www.chileflorido.cl\/oficios\/producto\/magic-mix\/#webpage","url":"https:\/\/www.chileflorido.cl\/oficios\/producto\/magic-mix\/","name":"Magic Mix - Chile Florido Oficios","isPartOf":{"@id":"https:\/\/www.chileflorido.cl\/oficios\/#website"},"primaryImageOfPage":{"@id":"https:\/\/www.chileflorido.cl\/oficios\/producto\/magic-mix\/#primaryimage"},"datePublished":"2021-07-12T04:10:26+00:00","dateModified":"2024-04-23T04:42:34+00:00","breadcrumb":{"@id":"https:\/\/www.chileflorido.cl\/oficios\/producto\/magic-mix\/#breadcrumb"},"inLanguage":"es","potentialAction":[{"@type":"ReadAction","target":["https:\/\/www.chileflorido.cl\/oficios\/producto\/magic-mix\/"]}]},{"@type":"BreadcrumbList","@id":"https:\/\/www.chileflorido.cl\/oficios\/producto\/magic-mix\/#breadcrumb","itemListElement":[{"@type":"ListItem","position":1,"name":"Portada","item":"https:\/\/www.chileflorido.cl\/oficios\/"},{"@type":"ListItem","position":2,"name":"Cat\u00e1logo","item":"https:\/\/www.chileflorido.cl\/oficios\/catalogo\/"},{"@type":"ListItem","position":3,"name":"Magic Mix"}]}]}},"_links":{"self":[{"href":"https:\/\/www.chileflorido.cl\/oficios\/wp-json\/wp\/v2\/product\/6822","targetHints":{"allow":["GET"]}}],"collection":[{"href":"https:\/\/www.chileflorido.cl\/oficios\/wp-json\/wp\/v2\/product"}],"about":[{"href":"https:\/\/www.chileflorido.cl\/oficios\/wp-json\/wp\/v2\/types\/product"}],"replies":[{"embeddable":true,"href":"https:\/\/www.chileflorido.cl\/oficios\/wp-json\/wp\/v2\/comments?post=6822"}],"wp:featuredmedia":[{"embeddable":true,"href":"https:\/\/www.chileflorido.cl\/oficios\/wp-json\/wp\/v2\/media\/6823"}],"wp:attachment":[{"href":"https:\/\/www.chileflorido.cl\/oficios\/wp-json\/wp\/v2\/media?parent=6822"}],"wp:term":[{"taxonomy":"product_cat","embeddable":true,"href":"https:\/\/www.chileflorido.cl\/oficios\/wp-json\/wp\/v2\/product_cat?post=6822"},{"taxonomy":"product_tag","embeddable":true,"href":"https:\/\/www.chileflorido.cl\/oficios\/wp-json\/wp\/v2\/product_tag?post=6822"}],"curies":[{"name":"wp","href":"https:\/\/api.w.org\/{rel}","templated":true}]}}